{"id":238,"date":"2021-05-03T12:11:29","date_gmt":"2021-05-03T10:11:29","guid":{"rendered":"http:\/\/studentug.pomorskie.pl\/dw\/?page_id=238"},"modified":"2021-05-03T12:11:29","modified_gmt":"2021-05-03T10:11:29","slug":"abonament","status":"publish","type":"page","link":"http:\/\/student.dwach.edu.pl\/ceramika\/abonament\/","title":{"rendered":"Abonament"},"content":{"rendered":"<p>Musisz by\u0107 zalogowany, aby zobaczy\u0107 t\u0119 zawarto\u015b\u0107.<\/p>\n","protected":false},"excerpt":{"rendered":"<p>Musisz by\u0107 zalogowany, aby zobaczy\u0107 t\u0119 zawarto\u015b\u0107.<\/p>\n","protected":false},"author":1,"featured_media":0,"parent":0,"menu_order":0,"comment_status":"closed","ping_status":"closed","template":"","meta":{"footnotes":""},"class_list":["post-238","page","type-page","status-publish","hentry"],"_links":{"self":[{"href":"http:\/\/student.dwach.edu.pl\/ceramika\/wp-json\/wp\/v2\/pages\/238","targetHints":{"allow":["GET"]}}],"collection":[{"href":"http:\/\/student.dwach.edu.pl\/ceramika\/wp-json\/wp\/v2\/pages"}],"about":[{"href":"http:\/\/student.dwach.edu.pl\/ceramika\/wp-json\/wp\/v2\/types\/page"}],"author":[{"embeddable":true,"href":"http:\/\/student.dwach.edu.pl\/ceramika\/wp-json\/wp\/v2\/users\/1"}],"replies":[{"embeddable":true,"href":"http:\/\/student.dwach.edu.pl\/ceramika\/wp-json\/wp\/v2\/comments?post=238"}],"version-history":[{"count":1,"href":"http:\/\/student.dwach.edu.pl\/ceramika\/wp-json\/wp\/v2\/pages\/238\/revisions"}],"predecessor-version":[{"id":239,"href":"http:\/\/student.dwach.edu.pl\/ceramika\/wp-json\/wp\/v2\/pages\/238\/revisions\/239"}],"wp:attachment":[{"href":"http:\/\/student.dwach.edu.pl\/ceramika\/wp-json\/wp\/v2\/media?parent=238"}],"curies":[{"name":"wp","href":"https:\/\/api.w.org\/{rel}","templated":true}]}}